{"id":154,"date":"2020-09-07T19:00:42","date_gmt":"2020-09-07T17:00:42","guid":{"rendered":"http:\/\/www.roller-pau.fr\/?page_id=154"},"modified":"2020-09-07T19:11:21","modified_gmt":"2020-09-07T17:11:21","slug":"contact","status":"publish","type":"page","link":"https:\/\/www.roller-pau.fr\/index.php\/contact\/","title":{"rendered":"CONTACT"},"content":{"rendered":"\n<p class=\"has-small-font-size\">Association pratiquant le roller dans l&rsquo;agglom\u00e9ration de Pau et rattach\u00e9e \u00e0 l&rsquo;ASPTT de Pau.<\/p>\n\n\n\n<h4>LE BUREAU<\/h4>\n\n\n\n<p class=\"has-small-font-size\">Pr\u00e9sident : JUHOOR Isma\u00ebl<\/p>\n\n\n\n<p class=\"has-small-font-size\">Secr\u00e9taire : PIPITONE Florence<\/p>\n\n\n\n<p class=\"has-small-font-size\">Tr\u00e9sorier : CHARIGNON Cyril<\/p>\n\n\n\n<p><\/p>\n\n\n\n<p class=\"has-small-font-size\">Gymnase Clermont | 25 bd Recteur Jean Sarrailh 64000 Pau<\/p>\n\n\n\n<p class=\"has-small-font-size\">06 18 83 43 24 | contact@roller-pau.fr<\/p>\n\n\n\n<p class=\"has-small-font-size\"><a rel=\"noreferrer noopener\" href=\"https:\/\/www.facebook.com\/groups\/139541869390981\" target=\"_blank\"><strong>Facebook<\/strong><\/a><\/p>\n","protected":false},"excerpt":{"rendered":"<p>Association pratiquant le roller dans l&rsquo;agglom\u00e9ration de Pau et rattach\u00e9e \u00e0 l&rsquo;ASPTT de Pau. LE BUREAU Pr\u00e9sident : JUHOOR Isma\u00ebl Secr\u00e9taire : PIPITONE Florence Tr\u00e9sorier : CHARIGNON Cyril Gymnase Clermont<\/p>\n<p class=\"more-link\"><a href=\"https:\/\/www.roller-pau.fr\/index.php\/contact\/\" class=\"readmore\">Continuer \u00e0 lire&#8230;<span class=\"screen-reader-text\">CONTACT<\/span><\/a><\/p>\n","protected":false},"author":1,"featured_media":0,"parent":0,"menu_order":0,"comment_status":"closed","ping_status":"closed","template":"","meta":[],"_links":{"self":[{"href":"https:\/\/www.roller-pau.fr\/index.php\/wp-json\/wp\/v2\/pages\/154"}],"collection":[{"href":"https:\/\/www.roller-pau.fr\/index.php\/wp-json\/wp\/v2\/pages"}],"about":[{"href":"https:\/\/www.roller-pau.fr\/index.php\/wp-json\/wp\/v2\/types\/page"}],"author":[{"embeddable":true,"href":"https:\/\/www.roller-pau.fr\/index.php\/wp-json\/wp\/v2\/users\/1"}],"replies":[{"embeddable":true,"href":"https:\/\/www.roller-pau.fr\/index.php\/wp-json\/wp\/v2\/comments?post=154"}],"version-history":[{"count":5,"href":"https:\/\/www.roller-pau.fr\/index.php\/wp-json\/wp\/v2\/pages\/154\/revisions"}],"predecessor-version":[{"id":161,"href":"https:\/\/www.roller-pau.fr\/index.php\/wp-json\/wp\/v2\/pages\/154\/revisions\/161"}],"wp:attachment":[{"href":"https:\/\/www.roller-pau.fr\/index.php\/wp-json\/wp\/v2\/media?parent=154"}],"curies":[{"name":"wp","href":"https:\/\/api.w.org\/{rel}","templated":true}]}}