{"id":35,"date":"2020-09-05T11:49:50","date_gmt":"2020-09-05T09:49:50","guid":{"rendered":"http:\/\/www.roller-pau.fr\/?page_id=35"},"modified":"2025-09-02T23:08:51","modified_gmt":"2025-09-02T21:08:51","slug":"horaires","status":"publish","type":"page","link":"https:\/\/www.roller-pau.fr\/index.php\/horaires\/","title":{"rendered":"HORAIRES"},"content":{"rendered":"\n<div class=\"wp-block-group\"><div class=\"wp-block-group__inner-container\">\n<p>Cours tous les lundis, sauf jours f\u00e9ri\u00e9s, de <strong>20h15 \u00e0 22h15<\/strong> au <strong>Gymnase Clermont<\/strong> 25 bd recteur Jean Sarrailh 64000 Pau. <\/p>\n\n\n\n<p>Au programme : \u00e9chauffement, s\u00e9ance technique, jeux collectifs ou balades urbaines (selon la m\u00e9t\u00e9o).<\/p>\n<\/div><\/div>\n\n\n\n<p class=\"has-text-align-left\">Deux balades urbaines \u00e0 <strong>th\u00e8me <\/strong>organis\u00e9es par le club pour les adh\u00e9rents pour f\u00eater Halloween &amp; No\u00ebl !<\/p>\n\n\n\n<p>N&rsquo;h\u00e9sitez pas \u00e9galement \u00e0 consulter la page \u00e9v\u00e9nements !<\/p>\n\n\n\n<figure class=\"wp-block-gallery aligncenter columns-3 is-cropped\"><ul class=\"blocks-gallery-grid\"><li class=\"blocks-gallery-item\"><figure><img loading=\"lazy\" width=\"598\" height=\"698\" src=\"http:\/\/www.roller-pau.fr\/wp-content\/uploads\/2020\/09\/17.jpg\" alt=\"\" data-id=\"82\" data-full-url=\"http:\/\/www.roller-pau.fr\/wp-content\/uploads\/2020\/09\/17.jpg\" data-link=\"http:\/\/www.roller-pau.fr\/index.php\/horaires\/attachment\/17\/\" class=\"wp-image-82\" srcset=\"https:\/\/www.roller-pau.fr\/wp-content\/uploads\/2020\/09\/17.jpg 598w, https:\/\/www.roller-pau.fr\/wp-content\/uploads\/2020\/09\/17-257x300.jpg 257w\" sizes=\"(max-width: 598px) 100vw, 598px\" \/><\/figure><\/li><li class=\"blocks-gallery-item\"><figure><img loading=\"lazy\" width=\"1024\" height=\"498\" src=\"http:\/\/www.roller-pau.fr\/wp-content\/uploads\/2020\/09\/20190909_211738-1-1024x498.jpg\" alt=\"\" data-id=\"93\" data-full-url=\"http:\/\/www.roller-pau.fr\/wp-content\/uploads\/2020\/09\/20190909_211738-1-scaled.jpg\" data-link=\"http:\/\/www.roller-pau.fr\/index.php\/horaires\/20190909_211738-2\/\" class=\"wp-image-93\" srcset=\"https:\/\/www.roller-pau.fr\/wp-content\/uploads\/2020\/09\/20190909_211738-1-1024x498.jpg 1024w, https:\/\/www.roller-pau.fr\/wp-content\/uploads\/2020\/09\/20190909_211738-1-300x146.jpg 300w, https:\/\/www.roller-pau.fr\/wp-content\/uploads\/2020\/09\/20190909_211738-1-768x373.jpg 768w, https:\/\/www.roller-pau.fr\/wp-content\/uploads\/2020\/09\/20190909_211738-1-1536x746.jpg 1536w, https:\/\/www.roller-pau.fr\/wp-content\/uploads\/2020\/09\/20190909_211738-1-2048x995.jpg 2048w\" sizes=\"(max-width: 1024px) 100vw, 1024px\" \/><\/figure><\/li><li class=\"blocks-gallery-item\"><figure><img loading=\"lazy\" width=\"960\" height=\"720\" src=\"http:\/\/www.roller-pau.fr\/wp-content\/uploads\/2020\/09\/53531859_2287175744887901_853114340461510656_n.jpg\" alt=\"\" data-id=\"91\" data-full-url=\"http:\/\/www.roller-pau.fr\/wp-content\/uploads\/2020\/09\/53531859_2287175744887901_853114340461510656_n.jpg\" data-link=\"http:\/\/www.roller-pau.fr\/index.php\/horaires\/53531859_2287175744887901_853114340461510656_n\/\" class=\"wp-image-91\" srcset=\"https:\/\/www.roller-pau.fr\/wp-content\/uploads\/2020\/09\/53531859_2287175744887901_853114340461510656_n.jpg 960w, https:\/\/www.roller-pau.fr\/wp-content\/uploads\/2020\/09\/53531859_2287175744887901_853114340461510656_n-300x225.jpg 300w, https:\/\/www.roller-pau.fr\/wp-content\/uploads\/2020\/09\/53531859_2287175744887901_853114340461510656_n-768x576.jpg 768w\" sizes=\"(max-width: 960px) 100vw, 960px\" \/><\/figure><\/li><\/ul><\/figure>\n\n\n\n<p class=\"has-text-align-left\">Vous souhaitez faire du roller dans la bonne humeur, alors <strong>rejoignez-nous<\/strong> et participez \u00e0 une s\u00e9ance. Si l&rsquo;exp\u00e9rience vous pla\u00eet et que vous souhaitez vous inscrire, nous vous demanderons :<\/p>\n\n\n\n<ol><li>de remplir les diff\u00e9rents documents d&rsquo;inscription <\/li><li>un r\u00e8glement de la cotisation (\u00e0 l&rsquo;ordre de l&rsquo;ASPTT Roller Pau), dont le montant vous sera communiqu\u00e9 lors d&rsquo;une s\u00e9ance<\/li><\/ol>\n\n\n\n<p class=\"has-text-align-left\">Vous recevrez ainsi une licence de la part de l&rsquo;ASPTT et vous serez assur\u00e9 pour la pratique du Roller en notre compagnie.<\/p>\n\n\n\n<h4><strong>LA S\u00c9CURIT\u00c9 AVANT TOUT&#8230;<\/strong><\/h4>\n\n\n\n<p>Les comp\u00e9tences requises pour les balades urbaines sont de savoir <strong><span style=\"color:#e20016\" class=\"has-inline-color\">rouler<\/span><\/strong>, <strong><span style=\"color:#e0001e\" class=\"has-inline-color\">freiner <\/span><\/strong>et <strong><span style=\"color:#e20016\" class=\"has-inline-color\">tourner <\/span><\/strong>pour pouvoir appr\u00e9cier au mieux la randonn\u00e9e. Les circuits sont choisis en fonction du niveau g\u00e9n\u00e9ral du groupe et de l&rsquo;\u00e9tat des routes. Les moniteurs (dipl\u00f4m\u00e9s du <strong>B<\/strong>revet d&rsquo;<strong>I<\/strong>nitiateur <strong>F<\/strong>\u00e9d\u00e9ral) s&rsquo;adaptent au niveau des participants. Le code de la route est strictement respect\u00e9 et par cons\u00e9quent, les consignes des moniteurs aussi. <br>Le port d&rsquo;\u00e9quipement de protection (casque, prot\u00e8ge-poignet, genouill\u00e8res et coudi\u00e8res) est <strong><span style=\"color:#e20016\" class=\"has-inline-color\">obligatoire<\/span><\/strong>.<\/p>\n","protected":false},"excerpt":{"rendered":"<p>Deux balades urbaines \u00e0 th\u00e8me organis\u00e9es par le club pour les adh\u00e9rents pour f\u00eater Halloween &amp; No\u00ebl ! N&rsquo;h\u00e9sitez pas \u00e9galement \u00e0 consulter la page \u00e9v\u00e9nements ! Vous souhaitez faire<\/p>\n<p class=\"more-link\"><a href=\"https:\/\/www.roller-pau.fr\/index.php\/horaires\/\" class=\"readmore\">Continuer \u00e0 lire&#8230;<span class=\"screen-reader-text\">HORAIRES<\/span><\/a><\/p>\n","protected":false},"author":1,"featured_media":0,"parent":0,"menu_order":0,"comment_status":"closed","ping_status":"closed","template":"","meta":[],"_links":{"self":[{"href":"https:\/\/www.roller-pau.fr\/index.php\/wp-json\/wp\/v2\/pages\/35"}],"collection":[{"href":"https:\/\/www.roller-pau.fr\/index.php\/wp-json\/wp\/v2\/pages"}],"about":[{"href":"https:\/\/www.roller-pau.fr\/index.php\/wp-json\/wp\/v2\/types\/page"}],"author":[{"embeddable":true,"href":"https:\/\/www.roller-pau.fr\/index.php\/wp-json\/wp\/v2\/users\/1"}],"replies":[{"embeddable":true,"href":"https:\/\/www.roller-pau.fr\/index.php\/wp-json\/wp\/v2\/comments?post=35"}],"version-history":[{"count":27,"href":"https:\/\/www.roller-pau.fr\/index.php\/wp-json\/wp\/v2\/pages\/35\/revisions"}],"predecessor-version":[{"id":243,"href":"https:\/\/www.roller-pau.fr\/index.php\/wp-json\/wp\/v2\/pages\/35\/revisions\/243"}],"wp:attachment":[{"href":"https:\/\/www.roller-pau.fr\/index.php\/wp-json\/wp\/v2\/media?parent=35"}],"curies":[{"name":"wp","href":"https:\/\/api.w.org\/{rel}","templated":true}]}}