{"id":36,"date":"2020-09-05T11:49:50","date_gmt":"2020-09-05T09:49:50","guid":{"rendered":"http:\/\/www.roller-pau.fr\/?page_id=36"},"modified":"2020-09-27T12:45:19","modified_gmt":"2020-09-27T10:45:19","slug":"evenements","status":"publish","type":"page","link":"https:\/\/www.roller-pau.fr\/index.php\/evenements\/","title":{"rendered":"\u00c9V\u00c9NEMENTS"},"content":{"rendered":"\n<div class=\"wp-block-media-text alignwide is-stacked-on-mobile\" style=\"grid-template-columns:43% auto\"><figure class=\"wp-block-media-text__media\"><img loading=\"lazy\" width=\"722\" height=\"1024\" src=\"http:\/\/www.roller-pau.fr\/wp-content\/uploads\/2020\/09\/Semi-marathon-Tarbes-2020.jpg\" alt=\"\" class=\"wp-image-97\" srcset=\"https:\/\/www.roller-pau.fr\/wp-content\/uploads\/2020\/09\/Semi-marathon-Tarbes-2020.jpg 722w, https:\/\/www.roller-pau.fr\/wp-content\/uploads\/2020\/09\/Semi-marathon-Tarbes-2020-212x300.jpg 212w\" sizes=\"(max-width: 722px) 100vw, 722px\" \/><\/figure><div class=\"wp-block-media-text__content\">\n<h4 class=\"has-text-align-center\"><span class=\"has-inline-color has-white-color\" style=\"\"><b>LES <\/b><\/span><strong><span class=\"has-inline-color has-white-color\">RANDONN\u00c9ES SUR BORDEAUX<\/span><\/strong><\/h4>\n\n\n\n<p class=\"has-text-align-center has-normal-font-size\"><strong><em>La Nuit du Roller<\/em> <\/strong><\/p>\n\n\n\n<p class=\"has-text-align-center has-normal-font-size\">RDV \u00e0 20h30 place Pey-Berland &#8211; dernier vendredi de chaque mois<br><br><strong><em>La Randonn\u00e9e des Familles<\/em> <\/strong><\/p>\n\n\n\n<p class=\"has-text-align-center has-normal-font-size\">RDV \u00e0 14h15 place Pey-Berland &#8211; premier dimanche de chaque mois<\/p>\n\n\n\n<p class=\"has-text-align-center\"><em><strong>~ ~ ~ ~<\/strong><\/em><\/p>\n\n\n\n<p class=\"has-text-align-center\">Ces randonn\u00e9es sont gratuites et ouvertes \u00e0 tous !<\/p>\n\n\n\n<p class=\"has-text-align-center\"><em><strong>~ ~ ~ ~<\/strong><\/em><\/p>\n\n\n\n<p class=\"has-text-align-center\"><em><strong>Plus d&rsquo;infos <a rel=\"noreferrer noopener\" href=\"http:\/\/www.airoller.fr\/wordpress\/les-randonnees\/\" target=\"_blank\">ICI<\/a><\/strong><\/em><\/p>\n<\/div><\/div>\n","protected":false},"excerpt":{"rendered":"<p>LES RANDONN\u00c9ES SUR BORDEAUX La Nuit du Roller RDV \u00e0 20h30 place Pey-Berland &#8211; dernier vendredi de chaque mois La Randonn\u00e9e des Familles RDV \u00e0 14h15 place Pey-Berland &#8211; premier<\/p>\n<p class=\"more-link\"><a href=\"https:\/\/www.roller-pau.fr\/index.php\/evenements\/\" class=\"readmore\">Continuer \u00e0 lire&#8230;<span class=\"screen-reader-text\">\u00c9V\u00c9NEMENTS<\/span><\/a><\/p>\n","protected":false},"author":1,"featured_media":0,"parent":0,"menu_order":0,"comment_status":"closed","ping_status":"closed","template":"templates\/no-sidebar.php","meta":[],"_links":{"self":[{"href":"https:\/\/www.roller-pau.fr\/index.php\/wp-json\/wp\/v2\/pages\/36"}],"collection":[{"href":"https:\/\/www.roller-pau.fr\/index.php\/wp-json\/wp\/v2\/pages"}],"about":[{"href":"https:\/\/www.roller-pau.fr\/index.php\/wp-json\/wp\/v2\/types\/page"}],"author":[{"embeddable":true,"href":"https:\/\/www.roller-pau.fr\/index.php\/wp-json\/wp\/v2\/users\/1"}],"replies":[{"embeddable":true,"href":"https:\/\/www.roller-pau.fr\/index.php\/wp-json\/wp\/v2\/comments?post=36"}],"version-history":[{"count":41,"href":"https:\/\/www.roller-pau.fr\/index.php\/wp-json\/wp\/v2\/pages\/36\/revisions"}],"predecessor-version":[{"id":211,"href":"https:\/\/www.roller-pau.fr\/index.php\/wp-json\/wp\/v2\/pages\/36\/revisions\/211"}],"wp:attachment":[{"href":"https:\/\/www.roller-pau.fr\/index.php\/wp-json\/wp\/v2\/media?parent=36"}],"curies":[{"name":"wp","href":"https:\/\/api.w.org\/{rel}","templated":true}]}}